{"id":15,"date":"2017-05-03T14:55:36","date_gmt":"2017-05-03T12:55:36","guid":{"rendered":"https:\/\/seelust.ch\/?page_id=15"},"modified":"2025-10-15T17:29:17","modified_gmt":"2025-10-15T15:29:17","slug":"catering","status":"publish","type":"page","link":"https:\/\/www.seelust.ch\/en\/catering\/","title":{"rendered":"Catering"},"content":{"rendered":"<p><div class=\"fusion-fullwidth fullwidth-box fusion-builder-row-1 nonhundred-percent-fullwidth non-hundred-percent-height-scrolling\" style=\"--awb-background-repeat:repeat;--awb-border-sizes-top:0px;--awb-border-sizes-bottom:0px;--awb-border-sizes-left:0px;--awb-border-sizes-right:0px;--awb-border-radius-top-left:0px;--awb-border-radius-top-right:0px;--awb-border-radius-bottom-right:0px;--awb-border-radius-bottom-left:0px;--awb-padding-top:20px;--awb-padding-bottom:20px;--awb-flex-wrap:wrap;\" ><div class=\"fusion-builder-row fusion-row\"><div class=\"fusion-layout-column fusion_builder_column fusion-builder-column-0 fusion_builder_column_1_1 1_1 fusion-one-full fusion-column-first fusion-column-last\" style=\"--awb-bg-size:cover;\"><div class=\"fusion-column-wrapper fusion-flex-column-wrapper-legacy\"><div class=\"fusion-title title fusion-title-1 fusion-sep-none fusion-title-text fusion-title-size-one\"><h1 class=\"fusion-title-heading title-heading-left\" style=\"margin:0;\"><h1 style=\"text-align: center;\">Catering<\/h1><\/h1><\/div><div class=\"fusion-text fusion-text-1\"><p style=\"text-align: center;\">Would you like to celebrate a banquet, a company anniversary, a birthday or any other occasion? At your home in a familiar setting or in an external location? We are happy to support you in the planning and implementation - from a small party to a large event. So that your event becomes an unforgettable experience!<\/p>\n<div style=\"text-align: center; position: absolute; left: -2301px; top: -4580px;\">\n<p>Aperitif um 19:00 im Autobau Romanshorn, Men\u00fcservice ab 20:00, Dessertbuffet gegen 22:15 &#8211; wir halten den Ablauf schlank, damit Sie entspannt mit Ihren G\u00e4sten plaudern. Wenn Sie eine spielerische Note m\u00f6chten, ohne Roulette-Tische zu schleppen: Ein kleiner Digital-Corner mit dem Thema Magical Spin Casino in der Schweiz passt erstaunlich gut; <a href=\"https:\/\/magicalspin.ch\/\">MagicalSpin.ch<\/a> binden wir \u00fcber dezente QR-Tischk\u00e4rtchen ein. So klickt, wer mag, in den Pausen rein &#8211; ohne Bargeld, nur kurze Challenges.<\/p>\n<p>Als Preise eignen sich 1 Glas Pinot Noir extra, ein Dessert-Upgrade oder ein 20-CHF-Weingutschein. Und das skaliert: Schloss Roggwil (bis 60), Pentorama Amriswil (bis 400) oder Seeparksaal Arbon (bis 500). Wer neugierig ist, kann das Magical Spin Online-Casino in der Schweiz auf dem Smartphone checken &#8211; Sie behalten trotzdem die B\u00fchne.<\/p>\n<\/div>\n<\/div><div class=\"fusion-clearfix\"><\/div><\/div><\/div><\/div><\/div><div class=\"fusion-fullwidth fullwidth-box fusion-builder-row-2 hundred-percent-fullwidth non-hundred-percent-height-scrolling\" style=\"--awb-background-blend-mode:overlay;--awb-border-radius-top-left:0px;--awb-border-radius-top-right:0px;--awb-border-radius-bottom-right:0px;--awb-border-radius-bottom-left:0px;--awb-background-color:rgba(191,23,88,0.13);--awb-flex-wrap:wrap;\" ><div class=\"fusion-builder-row fusion-row\"><div class=\"fusion-layout-column fusion_builder_column fusion-builder-column-1 fusion_builder_column_1_1 1_1 fusion-one-full fusion-column-first fusion-column-last fusion-column-no-min-height\" style=\"--awb-bg-size:cover;--awb-margin-bottom:0px;\"><div class=\"fusion-column-wrapper fusion-flex-column-wrapper-legacy\"><div class=\"fusion-image-element fusion-image-align-center in-legacy-container\" style=\"text-align:center;--awb-caption-title-font-family:var(--h2_typography-font-family);--awb-caption-title-font-weight:var(--h2_typography-font-weight);--awb-caption-title-font-style:var(--h2_typography-font-style);--awb-caption-title-size:var(--h2_typography-font-size);--awb-caption-title-transform:var(--h2_typography-text-transform);--awb-caption-title-line-height:var(--h2_typography-line-height);--awb-caption-title-letter-spacing:var(--h2_typography-letter-spacing);\"><div class=\"imageframe-align-center\"><span class=\"fusion-imageframe imageframe-none imageframe-1 hover-type-none home-separator\"><img decoding=\"async\" width=\"193\" height=\"193\" title=\"Small-Logo-Seelust\" src=\"https:\/\/seelust.ch\/wp-content\/uploads\/2018\/07\/Small-Logo-Seelust.png\" alt class=\"img-responsive wp-image-74\" srcset=\"https:\/\/www.seelust.ch\/wp-content\/uploads\/2018\/07\/Small-Logo-Seelust-66x66.png 66w, https:\/\/www.seelust.ch\/wp-content\/uploads\/2018\/07\/Small-Logo-Seelust-150x150.png 150w, https:\/\/www.seelust.ch\/wp-content\/uploads\/2018\/07\/Small-Logo-Seelust.png 193w\" sizes=\"(max-width: 193px) 100vw, 193px\" \/><\/span><\/div><\/div><div class=\"fusion-clearfix\"><\/div><\/div><\/div><\/div><\/div><div class=\"fusion-fullwidth fullwidth-box fusion-builder-row-3 nonhundred-percent-fullwidth non-hundred-percent-height-scrolling\" style=\"--awb-background-position:left top;--awb-background-blend-mode:overlay;--awb-border-sizes-top:0px;--awb-border-sizes-bottom:0px;--awb-border-sizes-left:0px;--awb-border-sizes-right:0px;--awb-border-radius-top-left:0px;--awb-border-radius-top-right:0px;--awb-border-radius-bottom-right:0px;--awb-border-radius-bottom-left:0px;--awb-padding-top:20px;--awb-padding-bottom:20px;--awb-background-color:rgba(255,255,255,0.35);--awb-flex-wrap:wrap;\" id=\"home-galerie\" ><div class=\"fusion-builder-row fusion-row\"><div class=\"fusion-layout-column fusion_builder_column fusion-builder-column-2 fusion_builder_column_1_1 1_1 fusion-one-full fusion-column-first fusion-column-last\" style=\"--awb-bg-size:cover;\"><div class=\"fusion-column-wrapper fusion-flex-column-wrapper-legacy\"><div class=\"fusion-clearfix\"><\/div><\/div><\/div><div class=\"fusion-layout-column fusion_builder_column fusion-builder-column-3 fusion_builder_column_1_2 1_2 fusion-one-half fusion-column-first\" style=\"--awb-bg-size:cover;width:48%; margin-right: 4%;\"><div class=\"fusion-column-wrapper fusion-flex-column-wrapper-legacy\"><div class=\"fusion-title title fusion-title-2 fusion-sep-none fusion-title-center fusion-title-text fusion-title-size-four\"><h4 class=\"fusion-title-heading title-heading-center\" style=\"margin:0;\"><h2>Services<\/h2><\/h4><\/div><div class=\"fusion-text fusion-text-2\"><p>Benefit from our years of experience and choose from our comprehensive catering offer according to your needs:<\/p>\n<ul>\n<li>Festive banquets with matching wine and beverage accompaniment<\/li>\n<li>Cordial, professional service<\/li>\n<li>Decoration and flower arrangements according to your wishes<\/li>\n<li>Providing the infrastructure such as tables and chairs<\/li>\n<li>Organization of a suitable venue - some of our partners are:<br \/>\nRoggwil Castle (up to 60 people)<br \/>\nAutobau Romanshorn (up to 100 people)<br \/>\nPentorama Amriswil (up to 400 people)<br \/>\nSeeparksaal Arbon (up to 500 persons)<\/li>\n<\/ul>\n<\/div><div class=\"fusion-clearfix\"><\/div><\/div><\/div><div class=\"fusion-layout-column fusion_builder_column fusion-builder-column-4 fusion_builder_column_1_2 1_2 fusion-one-half fusion-column-last\" style=\"--awb-bg-size:cover;width:48%;\"><div class=\"fusion-column-wrapper fusion-flex-column-wrapper-legacy\"><div class=\"fusion-sep-clear\"><\/div><div class=\"fusion-separator fusion-full-width-sep\" style=\"margin-left: auto;margin-right: auto;margin-bottom:40px;width:100%;\"><\/div><div class=\"fusion-sep-clear\"><\/div><div class=\"fusion-image-element in-legacy-container\" style=\"--awb-caption-title-font-family:var(--h2_typography-font-family);--awb-caption-title-font-weight:var(--h2_typography-font-weight);--awb-caption-title-font-style:var(--h2_typography-font-style);--awb-caption-title-size:var(--h2_typography-font-size);--awb-caption-title-transform:var(--h2_typography-text-transform);--awb-caption-title-line-height:var(--h2_typography-line-height);--awb-caption-title-letter-spacing:var(--h2_typography-letter-spacing);\"><span class=\"fusion-imageframe imageframe-none imageframe-2 hover-type-zoomin\"><img decoding=\"async\" width=\"2560\" height=\"1920\" alt=\"Catering\" title=\"Cateirng 3\" src=\"https:\/\/www.seelust.ch\/wp-content\/uploads\/2023\/10\/Cateirng-3-scaled.jpeg\" class=\"img-responsive wp-image-2357\" srcset=\"https:\/\/www.seelust.ch\/wp-content\/uploads\/2023\/10\/Cateirng-3-200x150.jpeg 200w, https:\/\/www.seelust.ch\/wp-content\/uploads\/2023\/10\/Cateirng-3-400x300.jpeg 400w, https:\/\/www.seelust.ch\/wp-content\/uploads\/2023\/10\/Cateirng-3-600x450.jpeg 600w, https:\/\/www.seelust.ch\/wp-content\/uploads\/2023\/10\/Cateirng-3-800x600.jpeg 800w, https:\/\/www.seelust.ch\/wp-content\/uploads\/2023\/10\/Cateirng-3-1200x900.jpeg 1200w, https:\/\/www.seelust.ch\/wp-content\/uploads\/2023\/10\/Cateirng-3-scaled.jpeg 2560w\" sizes=\"(max-width: 800px) 100vw, 600px\" \/><\/span><\/div><div class=\"fusion-clearfix\"><\/div><\/div><\/div><\/div><\/div><div class=\"fusion-fullwidth fullwidth-box fusion-builder-row-4 nonhundred-percent-fullwidth non-hundred-percent-height-scrolling\" style=\"--awb-background-position:left top;--awb-background-blend-mode:overlay;--awb-border-sizes-top:0px;--awb-border-sizes-bottom:0px;--awb-border-sizes-left:0px;--awb-border-sizes-right:0px;--awb-border-radius-top-left:0px;--awb-border-radius-top-right:0px;--awb-border-radius-bottom-right:0px;--awb-border-radius-bottom-left:0px;--awb-padding-top:20px;--awb-padding-bottom:20px;--awb-background-color:rgba(255,255,255,0.35);--awb-flex-wrap:wrap;\" id=\"home-galerie\" ><div class=\"fusion-builder-row fusion-row\"><div class=\"fusion-layout-column fusion_builder_column fusion-builder-column-5 fusion_builder_column_1_1 1_1 fusion-one-full fusion-column-first fusion-column-last\" style=\"--awb-bg-size:cover;\"><div class=\"fusion-column-wrapper fusion-flex-column-wrapper-legacy\"><div class=\"fusion-clearfix\"><\/div><\/div><\/div><div class=\"fusion-layout-column fusion_builder_column fusion-builder-column-6 fusion_builder_column_1_2 1_2 fusion-one-half fusion-column-first\" style=\"--awb-bg-size:cover;width:48%; margin-right: 4%;\"><div class=\"fusion-column-wrapper fusion-flex-column-wrapper-legacy\"><div class=\"fusion-sep-clear\"><\/div><div class=\"fusion-separator fusion-full-width-sep\" style=\"margin-left: auto;margin-right: auto;margin-bottom:40px;width:100%;\"><\/div><div class=\"fusion-sep-clear\"><\/div><div class=\"fusion-image-element in-legacy-container\" style=\"--awb-caption-title-font-family:var(--h2_typography-font-family);--awb-caption-title-font-weight:var(--h2_typography-font-weight);--awb-caption-title-font-style:var(--h2_typography-font-style);--awb-caption-title-size:var(--h2_typography-font-size);--awb-caption-title-transform:var(--h2_typography-text-transform);--awb-caption-title-line-height:var(--h2_typography-line-height);--awb-caption-title-letter-spacing:var(--h2_typography-letter-spacing);\"><span class=\"fusion-imageframe imageframe-none imageframe-3 hover-type-zoomin\"><img decoding=\"async\" width=\"1920\" height=\"1280\" title=\"Koch-Service\" src=\"https:\/\/seelust.ch\/wp-content\/uploads\/2019\/06\/Koch-Service.jpg\" alt class=\"img-responsive wp-image-336\" srcset=\"https:\/\/www.seelust.ch\/wp-content\/uploads\/2019\/06\/Koch-Service-200x133.jpg 200w, https:\/\/www.seelust.ch\/wp-content\/uploads\/2019\/06\/Koch-Service-400x267.jpg 400w, https:\/\/www.seelust.ch\/wp-content\/uploads\/2019\/06\/Koch-Service-600x400.jpg 600w, https:\/\/www.seelust.ch\/wp-content\/uploads\/2019\/06\/Koch-Service-800x533.jpg 800w, https:\/\/www.seelust.ch\/wp-content\/uploads\/2019\/06\/Koch-Service-1200x800.jpg 1200w, https:\/\/www.seelust.ch\/wp-content\/uploads\/2019\/06\/Koch-Service.jpg 1920w\" sizes=\"(max-width: 800px) 100vw, 600px\" \/><\/span><\/div><div class=\"fusion-clearfix\"><\/div><\/div><\/div><div class=\"fusion-layout-column fusion_builder_column fusion-builder-column-7 fusion_builder_column_1_2 1_2 fusion-one-half fusion-column-last\" style=\"--awb-bg-size:cover;width:48%;\"><div class=\"fusion-column-wrapper fusion-flex-column-wrapper-legacy\"><div class=\"fusion-title title fusion-title-3 fusion-sep-none fusion-title-center fusion-title-text fusion-title-size-four\"><h4 class=\"fusion-title-heading title-heading-center\" style=\"margin:0;\"><h2>Kochservice<\/h2><\/h4><\/div><div class=\"fusion-text fusion-text-3\"><p>Sie m\u00f6chten G\u00e4ste empfangen, haben aber keine Zeit oder Lust, ein Men\u00fc zu kochen? Bestellen Sie Ihr Wunschgericht doch einfach bei uns.<br \/>\nSo bewirten Sie Ihre G\u00e4ste ganz entspannt mit exquisiter Seelust-K\u00fcche!<\/p>\n<\/div><div class=\"fusion-clearfix\"><\/div><\/div><\/div><\/div><\/div><\/p>","protected":false},"excerpt":{"rendered":"","protected":false},"author":2,"featured_media":0,"parent":0,"menu_order":0,"comment_status":"closed","ping_status":"closed","template":"100-width.php","meta":{"_seopress_robots_primary_cat":"","_seopress_titles_title":"","_seopress_titles_desc":"","_seopress_robots_index":"","footnotes":""},"class_list":["post-15","page","type-page","status-publish","hentry"],"_links":{"self":[{"href":"https:\/\/www.seelust.ch\/en\/wp-json\/wp\/v2\/pages\/15","targetHints":{"allow":["GET"]}}],"collection":[{"href":"https:\/\/www.seelust.ch\/en\/wp-json\/wp\/v2\/pages"}],"about":[{"href":"https:\/\/www.seelust.ch\/en\/wp-json\/wp\/v2\/types\/page"}],"author":[{"embeddable":true,"href":"https:\/\/www.seelust.ch\/en\/wp-json\/wp\/v2\/users\/2"}],"replies":[{"embeddable":true,"href":"https:\/\/www.seelust.ch\/en\/wp-json\/wp\/v2\/comments?post=15"}],"version-history":[{"count":2,"href":"https:\/\/www.seelust.ch\/en\/wp-json\/wp\/v2\/pages\/15\/revisions"}],"predecessor-version":[{"id":3265,"href":"https:\/\/www.seelust.ch\/en\/wp-json\/wp\/v2\/pages\/15\/revisions\/3265"}],"wp:attachment":[{"href":"https:\/\/www.seelust.ch\/en\/wp-json\/wp\/v2\/media?parent=15"}],"curies":[{"name":"wp","href":"https:\/\/api.w.org\/{rel}","templated":true}]}}