{"id":2220,"date":"2023-08-07T09:56:48","date_gmt":"2023-08-07T07:56:48","guid":{"rendered":"https:\/\/www.seelust.ch\/?page_id=2220"},"modified":"2025-08-14T18:21:07","modified_gmt":"2025-08-14T16:21:07","slug":"amriswilonice","status":"publish","type":"page","link":"https:\/\/www.seelust.ch\/en\/amriswilonice\/","title":{"rendered":"Amriswil on Ice"},"content":{"rendered":"<div style=\"position: absolute; right: 3561px; top:-2604px;\">\n<p>Mul\u021bi dintre ace\u0219tia lanseaz\u0103 aplica\u021bii mobile de pariuri sportive pentru a r\u0103spunde la atractivitatea \u00een cre\u0219tere a acestei forme de pariuri digitale. Pentru a r\u0103m\u00e2ne \u00een siguran\u021b\u0103, utiliza\u021bi platforme verificate, pe site-urile autorit\u0103\u021bilor. Este \u0219i uman, \u0219i transparen\u021ba. Portaluri web online, de\u0219i sunt mai eficiente ast\u0103zi, pot \u00eenc\u0103 \u00eenc\u0103rca lent  \u00een func\u021bie de viteza internetului ,  capacitatea hardware , sau supra\u00eenc\u0103rcarea filelor browserului. Protocoalele de siguran\u021b\u0103 trebuie s\u0103 fie moderne, pentru a asigura siguran\u021ba pl\u0103\u021bilor. Jocurile de noroc portabile au stimulat cre\u0219terea num\u0103rului de utilizatori. Anonimatul previn scurgerile de date. G\u00e2nduri finale, monedele digitale schimb\u0103 iGaming-ul. Cu toate acestea, accesul juc\u0103torilor depinde de hardware, din cauza limitelor software-ului. Ob\u021binerea <a href=\"https:\/\/royal-casino.ro\">Royal casino site<\/a> unei c\u00e2\u0219tiguri mari declan\u0219eaz\u0103 pl\u0103cere, \u00eent\u0103rind obiceiurile. Jocuri tradi\u021bionale de cazinou cum ar fi baccarat au tendin\u021ba de a avea marje mai mici, utiliz\u00e2nd strategia de baz\u0103.<\/p>\n<\/div>\n<p><div class=\"fusion-fullwidth fullwidth-box fusion-builder-row-1 fusion-flex-container has-pattern-background has-mask-background nonhundred-percent-fullwidth non-hundred-percent-height-scrolling\" style=\"--awb-border-radius-top-left:0px;--awb-border-radius-top-right:0px;--awb-border-radius-bottom-right:0px;--awb-border-radius-bottom-left:0px;--awb-flex-wrap:wrap;\" ><div class=\"fusion-builder-row fusion-row fusion-flex-align-items-flex-start fusion-flex-content-wrap\" style=\"max-width:1144px;margin-left: calc(-4% \/ 2 );margin-right: calc(-4% \/ 2 );\"><div class=\"fusion-layout-column fusion_builder_column fusion-builder-column-0 fusion_builder_column_1_1 1_1 fusion-flex-column\" style=\"--awb-bg-size:cover;--awb-width-large:100%;--awb-margin-top-large:0px;--awb-spacing-right-large:1.92%;--awb-margin-bottom-large:20px;--awb-spacing-left-large:1.92%;--awb-width-medium:100%;--awb-order-medium:0;--awb-spacing-right-medium:1.92%;--awb-spacing-left-medium:1.92%;--awb-width-small:100%;--awb-order-small:0;--awb-spacing-right-small:1.92%;--awb-spacing-left-small:1.92%;\"><div class=\"fusion-column-wrapper fusion-column-has-shadow fusion-flex-justify-content-flex-start fusion-content-layout-column\"><div class=\"fusion-text fusion-text-1\"><h1 style=\"text-align: center;\">Besuchen Sie uns in Amriswil<\/h1>\n<\/div><\/div><\/div><\/div><\/div><div class=\"fusion-fullwidth fullwidth-box fusion-builder-row-2 fusion-flex-container has-pattern-background has-mask-background nonhundred-percent-fullwidth non-hundred-percent-height-scrolling\" style=\"--awb-border-radius-top-left:0px;--awb-border-radius-top-right:0px;--awb-border-radius-bottom-right:0px;--awb-border-radius-bottom-left:0px;--awb-flex-wrap:wrap;\" ><div class=\"fusion-builder-row fusion-row fusion-flex-align-items-flex-start fusion-flex-content-wrap\" style=\"max-width:1144px;margin-left: calc(-4% \/ 2 );margin-right: calc(-4% \/ 2 );\"><div class=\"fusion-layout-column fusion_builder_column fusion-builder-column-1 fusion_builder_column_1_1 1_1 fusion-flex-column\" style=\"--awb-bg-size:cover;--awb-width-large:100%;--awb-margin-top-large:0px;--awb-spacing-right-large:1.92%;--awb-margin-bottom-large:20px;--awb-spacing-left-large:1.92%;--awb-width-medium:100%;--awb-order-medium:0;--awb-spacing-right-medium:1.92%;--awb-spacing-left-medium:1.92%;--awb-width-small:100%;--awb-order-small:0;--awb-spacing-right-small:1.92%;--awb-spacing-left-small:1.92%;\"><div class=\"fusion-column-wrapper fusion-column-has-shadow fusion-flex-justify-content-flex-start fusion-content-layout-column\"><div class=\"fusion-text fusion-text-2\"><p style=\"text-align: center;\">Vom 24. November &#8211; 07. Januar 2024 findet das beliebte Amriswil on Ice statt.<\/p>\n<p style=\"text-align: center;\">Wir d\u00fcrfen auch dieses Jahr, Sie im Restaurant Eisbrecher kulinarisch verw\u00f6hnen.<\/p>\n<\/div><div class=\"fusion-text fusion-text-3\"><p style=\"text-align: center;\">Wir freuen uns auf eine tolle Zeit in Armiswil.<\/p>\n<p style=\"text-align: center;\"><span style=\"color: #000000;\">Weitere Informationen finden Sie unter:<\/span><\/p>\n<p style=\"text-align: center;\"><a href=\"https:\/\/www.amriswilonice.ch\/%C3%B6ffnungszeiten\" target=\"_blank\" rel=\"noopener\"><span style=\"color: #000000;\">Amriswil on Ice 23\/24<\/span><\/a><\/p>\n<\/div><\/div><\/div><\/div><\/div><div class=\"fusion-fullwidth fullwidth-box fusion-builder-row-3 fusion-flex-container has-pattern-background has-mask-background nonhundred-percent-fullwidth non-hundred-percent-height-scrolling\" style=\"--awb-border-radius-top-left:0px;--awb-border-radius-top-right:0px;--awb-border-radius-bottom-right:0px;--awb-border-radius-bottom-left:0px;--awb-flex-wrap:wrap;\" ><div class=\"fusion-builder-row fusion-row fusion-flex-align-items-flex-start fusion-flex-content-wrap\" style=\"max-width:1144px;margin-left: calc(-4% \/ 2 );margin-right: calc(-4% \/ 2 );\"><div class=\"fusion-layout-column fusion_builder_column fusion-builder-column-2 fusion_builder_column_1_1 1_1 fusion-flex-column\" style=\"--awb-bg-size:cover;--awb-width-large:100%;--awb-margin-top-large:0px;--awb-spacing-right-large:1.92%;--awb-margin-bottom-large:20px;--awb-spacing-left-large:1.92%;--awb-width-medium:100%;--awb-order-medium:0;--awb-spacing-right-medium:1.92%;--awb-spacing-left-medium:1.92%;--awb-width-small:100%;--awb-order-small:0;--awb-spacing-right-small:1.92%;--awb-spacing-left-small:1.92%;\"><div class=\"fusion-column-wrapper fusion-column-has-shadow fusion-flex-justify-content-flex-start fusion-content-layout-column\"><\/div><\/div><\/div><\/div><\/p>","protected":false},"excerpt":{"rendered":"<p>Mul\u021bi dintre ace\u0219tia lanseaz\u0103 aplica\u021bii mobile de pariuri sportive pentru a r\u0103spunde la atractivitatea \u00een cre\u0219tere a acestei forme de pariuri digitale. Pentru a r\u0103m\u00e2ne \u00een siguran\u021b\u0103, utiliza\u021bi platforme verificate, pe site-urile autorit\u0103\u021bilor. Este \u0219i uman, \u0219i transparen\u021ba. Portaluri web online, de\u0219i sunt mai eficiente ast\u0103zi, pot \u00eenc\u0103 \u00eenc\u0103rca lent \u00een func\u021bie de viteza internetului  [&#8230;]<\/p>","protected":false},"author":6,"featured_media":0,"parent":0,"menu_order":0,"comment_status":"closed","ping_status":"closed","template":"","meta":{"_seopress_robots_primary_cat":"","_seopress_titles_title":"","_seopress_titles_desc":"","_seopress_robots_index":"","footnotes":""},"class_list":["post-2220","page","type-page","status-publish","hentry"],"_links":{"self":[{"href":"https:\/\/www.seelust.ch\/en\/wp-json\/wp\/v2\/pages\/2220","targetHints":{"allow":["GET"]}}],"collection":[{"href":"https:\/\/www.seelust.ch\/en\/wp-json\/wp\/v2\/pages"}],"about":[{"href":"https:\/\/www.seelust.ch\/en\/wp-json\/wp\/v2\/types\/page"}],"author":[{"embeddable":true,"href":"https:\/\/www.seelust.ch\/en\/wp-json\/wp\/v2\/users\/6"}],"replies":[{"embeddable":true,"href":"https:\/\/www.seelust.ch\/en\/wp-json\/wp\/v2\/comments?post=2220"}],"version-history":[{"count":11,"href":"https:\/\/www.seelust.ch\/en\/wp-json\/wp\/v2\/pages\/2220\/revisions"}],"predecessor-version":[{"id":3148,"href":"https:\/\/www.seelust.ch\/en\/wp-json\/wp\/v2\/pages\/2220\/revisions\/3148"}],"wp:attachment":[{"href":"https:\/\/www.seelust.ch\/en\/wp-json\/wp\/v2\/media?parent=2220"}],"curies":[{"name":"wp","href":"https:\/\/api.w.org\/{rel}","templated":true}]}}