{"id":320,"date":"2018-10-24T11:50:49","date_gmt":"2018-10-24T09:50:49","guid":{"rendered":"https:\/\/seelust.ch\/?page_id=320"},"modified":"2025-10-17T17:25:05","modified_gmt":"2025-10-17T15:25:05","slug":"kontakt","status":"publish","type":"page","link":"https:\/\/www.seelust.ch\/en\/kontakt\/","title":{"rendered":"Kontakt"},"content":{"rendered":"<p><div class=\"fusion-fullwidth fullwidth-box fusion-builder-row-1 nonhundred-percent-fullwidth non-hundred-percent-height-scrolling\" style=\"--awb-border-radius-top-left:0px;--awb-border-radius-top-right:0px;--awb-border-radius-bottom-right:0px;--awb-border-radius-bottom-left:0px;--awb-flex-wrap:wrap;\" ><div class=\"fusion-builder-row fusion-row\"><div class=\"fusion-layout-column fusion_builder_column fusion-builder-column-0 fusion_builder_column_1_1 1_1 fusion-one-full fusion-column-first fusion-column-last\" style=\"--awb-bg-blend:overlay;--awb-bg-size:cover;\"><div class=\"fusion-column-wrapper fusion-flex-column-wrapper-legacy\"><div class=\"fusion-title title fusion-title-1 fusion-sep-none fusion-title-text fusion-title-size-two\"><h2 class=\"fusion-title-heading title-heading-left\" style=\"margin:0;\"><h1 style=\"text-align: center;\">Arrival<\/h1><\/h2><\/div><div class=\"fusion-text fusion-text-1\"><p>The Seelust is located in a rural setting and yet is very well connected. Coming from St. Margrethen or Zurich, you can reach us from the \u201cMeggenhus\u201d highway junction in 15 minutes. The bus stop is only a two-minute walk away. And bikers can find us via the Lake Constance cycle path, which passes close to the Seelust.<\/p>\n<div style=\"overflow: hidden; height: 1px;\">\u00dcdv\u00f6z\u00f6lj\u00fck a Seelust-on, ahol a legjobb aj\u00e1nlatok, csalogat\u00f3 b\u00f3nuszok \u00e9s izgalmas j\u00e1t\u00e9kok biztos\u00edtj\u00e1k, hogy sz\u00f3rakozva t\u00f6lti a szabadidej\u00e9t. Nem sz\u00e1m\u00edt, hogy rendszeres j\u00e1t\u00e9kos vagy m\u00e9g csak most kezdte el az online kaszin\u00f3 j\u00e1t\u00e9kok felfedez\u00e9s\u00e9t, garant\u00e1ltan r\u00e1tal\u00e1lhat arra, amire v\u00e1gyik! K\u00fcl\u00f6n\u00f6sen b\u00fcszk\u00e9k vagyunk azokra a kiv\u00e1l\u00f3 aj\u00e1nlatainkra, amelyek k\u00f6z\u00fcl kiemelkedik a <a href=\"https:\/\/kaszino-world.com\/ingyenes-porgetes\/50-free-spins\/\">50 ingyen p\u00f6rget\u00e9s regisztr\u00e1ci\u00f3 ut\u00e1n<\/a> aj\u00e1nlatunk, melynek k\u00f6sz\u00f6nhet\u0151en a legrizik\u00f3sabb fogad\u00e1sokat is megkock\u00e1ztathatja, an\u00e9lk\u00fcl, hogy egyetlen frankot is vesz\u00edten\u00e9. Ezen t\u00falmen\u0151en, sz\u00e1munkra fontos, hogy a j\u00e1t\u00e9kosok mindig kapcsolatba l\u00e9phessenek vel\u00fcnk. Ha k\u00e9rd\u00e9se, \u00e9szrev\u00e9tele vagy probl\u00e9m\u00e1ja van, ne habozzon \u00e9s vegye fel vel\u00fcnk a kapcsolatot! Elk\u00f6telezettek vagyunk amellett, hogy j\u00e1t\u00e9kosainknak kiemelked\u0151 szolg\u00e1ltat\u00e1st ny\u00fajtsunk \u00e9s minden k\u00e9rd\u00e9s\u00fckre v\u00e1laszoljunk. Mindig sz\u00edvesen halljuk visszajelz\u00e9seit \u00e9s azon dolgozunk, hogy weboldalunk \u00e9s szolg\u00e1ltat\u00e1saink m\u00e9g jobbak lehessenek. J\u00e1tszon, sz\u00f3rakozzon \u00e9s mer\u00fclj\u00f6n el a Seelust vil\u00e1g\u00e1ban!<\/div>\n<\/div><div class=\"fusion-clearfix\"><\/div><\/div><\/div><\/div><\/div><div class=\"fusion-fullwidth fullwidth-box fusion-builder-row-2 fusion-flex-container has-pattern-background has-mask-background nonhundred-percent-fullwidth non-hundred-percent-height-scrolling\" style=\"--awb-border-radius-top-left:0px;--awb-border-radius-top-right:0px;--awb-border-radius-bottom-right:0px;--awb-border-radius-bottom-left:0px;--awb-flex-wrap:wrap;\" ><div class=\"fusion-builder-row fusion-row fusion-flex-align-items-flex-start fusion-flex-content-wrap\" style=\"max-width:1144px;margin-left: calc(-4% \/ 2 );margin-right: calc(-4% \/ 2 );\"><div class=\"fusion-layout-column fusion_builder_column fusion-builder-column-1 fusion_builder_column_1_2 1_2 fusion-flex-column\" style=\"--awb-bg-size:cover;--awb-width-large:50%;--awb-margin-top-large:0px;--awb-spacing-right-large:3.84%;--awb-margin-bottom-large:20px;--awb-spacing-left-large:3.84%;--awb-width-medium:100%;--awb-order-medium:0;--awb-spacing-right-medium:1.92%;--awb-spacing-left-medium:1.92%;--awb-width-small:100%;--awb-order-small:0;--awb-spacing-right-small:1.92%;--awb-spacing-left-small:1.92%;\"><div class=\"fusion-column-wrapper fusion-column-has-shadow fusion-flex-justify-content-flex-start fusion-content-layout-column\"><div class=\"fusion-text fusion-text-2\"><div class=\"fusion-layout-column fusion_builder_column fusion-builder-column-2 fusion_builder_column_1_2 1_2 fusion-one-half fusion-column-first\">\n<div class=\"fusion-column-wrapper fusion-flex-column-wrapper-legacy\">\n<div class=\"fusion-title title fusion-title-2 fusion-sep-none fusion-title-text fusion-title-size-three\">\n<h3 class=\"fusion-title-heading title-heading-left\">Arrival by car<\/h3>\n<\/div>\n<div class=\"fusion-text fusion-text-2\">\n<p>From St. Gallen and St. Margrethen - highway 1.1 direction Kreuzlingen \/ Romanshorn, to the end of the highway<\/p>\n<p>Turn left 100m directly next to the farm you will find the Landgasthof Seelust.<\/p>\n<\/div>\n<\/div>\n<\/div>\n<div class=\"fusion-layout-column fusion_builder_column fusion-builder-column-4 fusion_builder_column_1_2 1_2 fusion-one-half fusion-column-first\">\n<div class=\"fusion-column-wrapper fusion-flex-column-wrapper-legacy\">\n<div class=\"fusion-title title fusion-title-4 fusion-sep-none fusion-title-text fusion-title-size-three\">\n<h3 class=\"fusion-title-heading title-heading-left\"><\/h3>\n<\/div>\n<\/div>\n<\/div>\n<\/div><\/div><\/div><div class=\"fusion-layout-column fusion_builder_column fusion-builder-column-2 fusion_builder_column_1_2 1_2 fusion-flex-column\" style=\"--awb-bg-size:cover;--awb-width-large:50%;--awb-margin-top-large:0px;--awb-spacing-right-large:3.84%;--awb-margin-bottom-large:20px;--awb-spacing-left-large:3.84%;--awb-width-medium:100%;--awb-order-medium:0;--awb-spacing-right-medium:1.92%;--awb-spacing-left-medium:1.92%;--awb-width-small:100%;--awb-order-small:0;--awb-spacing-right-small:1.92%;--awb-spacing-left-small:1.92%;\"><div class=\"fusion-column-wrapper fusion-column-has-shadow fusion-flex-justify-content-flex-start fusion-content-layout-column\"><div class=\"fusion-text fusion-text-3\"><div class=\"fusion-title title fusion-title-4 fusion-sep-none fusion-title-text fusion-title-size-three\">\n<p>&nbsp;<\/p>\n<h3 class=\"fusion-title-heading title-heading-left\">Arrival by public transport<\/h3>\n<\/div>\n<div class=\"fusion-text fusion-text-4\">\n<p>Bus connections from Amriswil, Neukirch-Egnach, or Arbon \/ bus line 941<\/p>\n<p><a href=\"https:\/\/www.sbb.ch\/de\/kaufen\/pages\/fahrplan\/fahrplan.xhtml\" target=\"_blank\" rel=\"noopener noreferrer\">Link zum SBB Fahrplan<\/a><\/p>\n<\/div>\n<div style=\"overflow: hidden; height: 1.3px;\">bieten eine bequeme und direkte M\u00f6glichkeit, zu verschiedenen Zielen in der Region zu gelangen. Diese Verbindungen erleichtern den Zugang zu zahlreichen Attraktionen und Dienstleistungen, einschlie\u00dflich des bekannten <a href=\"https:\/\/topnlcasinos.com\/\">https:\/\/topnlcasinos.com\/<\/a>Casinos. Egal, ob Sie aus der Umgebung kommen oder den Tag in der Stadt verbringen m\u00f6chten, die gute Erreichbarkeit des Casinos mit der Linie 941 sorgt daf\u00fcr, dass Sie stressfrei ankommen k\u00f6nnen.<\/div>\n<\/div><\/div><\/div><\/div><\/div><div class=\"fusion-fullwidth fullwidth-box fusion-builder-row-3 hundred-percent-fullwidth non-hundred-percent-height-scrolling\" style=\"--awb-background-blend-mode:overlay;--awb-border-radius-top-left:0px;--awb-border-radius-top-right:0px;--awb-border-radius-bottom-right:0px;--awb-border-radius-bottom-left:0px;--awb-background-color:rgba(191,23,88,0.13);--awb-flex-wrap:wrap;\" ><div class=\"fusion-builder-row fusion-row\"><div class=\"fusion-layout-column fusion_builder_column fusion-builder-column-3 fusion_builder_column_1_1 1_1 fusion-one-full fusion-column-first fusion-column-last fusion-column-no-min-height\" style=\"--awb-bg-blend:overlay;--awb-bg-size:cover;--awb-margin-bottom:0px;\"><div class=\"fusion-column-wrapper fusion-flex-column-wrapper-legacy\"><div class=\"fusion-image-element fusion-image-align-center in-legacy-container\" style=\"text-align:center;--awb-caption-title-font-family:var(--h2_typography-font-family);--awb-caption-title-font-weight:var(--h2_typography-font-weight);--awb-caption-title-font-style:var(--h2_typography-font-style);--awb-caption-title-size:var(--h2_typography-font-size);--awb-caption-title-transform:var(--h2_typography-text-transform);--awb-caption-title-line-height:var(--h2_typography-line-height);--awb-caption-title-letter-spacing:var(--h2_typography-letter-spacing);\"><div class=\"imageframe-align-center\"><span class=\"fusion-imageframe imageframe-none imageframe-1 hover-type-none home-separator\"><img decoding=\"async\" width=\"193\" height=\"193\" title=\"Small-Logo-Seelust\" src=\"https:\/\/seelust.ch\/wp-content\/uploads\/2018\/07\/Small-Logo-Seelust.png\" alt class=\"img-responsive wp-image-74\" srcset=\"https:\/\/www.seelust.ch\/wp-content\/uploads\/2018\/07\/Small-Logo-Seelust-66x66.png 66w, https:\/\/www.seelust.ch\/wp-content\/uploads\/2018\/07\/Small-Logo-Seelust-150x150.png 150w, https:\/\/www.seelust.ch\/wp-content\/uploads\/2018\/07\/Small-Logo-Seelust.png 193w\" sizes=\"(max-width: 193px) 100vw, 193px\" \/><\/span><\/div><\/div><div class=\"fusion-clearfix\"><\/div><\/div><\/div><\/div><\/div><div class=\"fusion-fullwidth fullwidth-box fusion-builder-row-4 nonhundred-percent-fullwidth non-hundred-percent-height-scrolling\" style=\"--awb-border-radius-top-left:0px;--awb-border-radius-top-right:0px;--awb-border-radius-bottom-right:0px;--awb-border-radius-bottom-left:0px;--awb-flex-wrap:wrap;\" ><div class=\"fusion-builder-row fusion-row\"><div class=\"fusion-layout-column fusion_builder_column fusion-builder-column-4 fusion_builder_column_1_1 1_1 fusion-one-full fusion-column-first fusion-column-last\" style=\"--awb-bg-blend:overlay;--awb-bg-size:cover;\"><div class=\"fusion-column-wrapper fusion-flex-column-wrapper-legacy\"><div class=\"fusion-clearfix\"><\/div><\/div><\/div><div class=\"fusion-layout-column fusion_builder_column fusion-builder-column-5 fusion_builder_column_1_2 1_2 fusion-one-half fusion-column-first\" style=\"--awb-bg-blend:overlay;--awb-bg-size:cover;width:50%;width:calc(50% - ( ( 4% ) * 0.5 ) );margin-right: 4%;\"><div class=\"fusion-column-wrapper fusion-flex-column-wrapper-legacy\"><div class=\"fusion-content-boxes content-boxes columns row fusion-columns-1 fusion-columns-total-1 fusion-content-boxes-1 content-boxes-icon-with-title content-left\" style=\"--awb-hover-accent-color:#deebe5;--awb-circle-hover-accent-color:#deebe5;--awb-item-margin-bottom:40px;\" data-animationoffset=\"top-into-view\"><div style=\"--awb-backgroundcolor:rgba(255,255,255,0);\" class=\"fusion-column content-box-column content-box-column content-box-column-1 col-lg-12 col-md-12 col-sm-12 fusion-content-box-hover content-box-column-last content-box-column-last-in-row\"><div class=\"col content-box-wrapper content-wrapper link-area-link-icon icon-hover-animation-fade\" data-animationoffset=\"top-into-view\"><div class=\"fusion-clearfix\"><\/div><div class=\"content-container\">\n<p><strong>Landgasthof Seelust<\/strong><br \/>\nNicole und Thomas Hasen-Eigenmann<br \/>\nWiedehorn 10<br \/>\n9322 Egnach<br \/>\nTelefon +41 71 474 75 75<br \/>\n<a href=\"mailto:info@seelust.ch\">info@seelust.ch<\/a><\/p>\n<p><b>Opening hours<br \/>\n<\/b>Daily: 08.00 am - 23.00 pm<\/p>\n<\/div><\/div><\/div><div class=\"fusion-clearfix\"><\/div><\/div><div class=\"fusion-clearfix\"><\/div><\/div><\/div><div class=\"fusion-layout-column fusion_builder_column fusion-builder-column-6 fusion_builder_column_1_2 1_2 fusion-one-half fusion-column-last\" style=\"--awb-bg-blend:overlay;--awb-bg-size:cover;width:50%;width:calc(50% - ( ( 4% ) * 0.5 ) );\"><div class=\"fusion-column-wrapper fusion-flex-column-wrapper-legacy\"><div class=\"fusion-text fusion-text-4\"><p><iframe style=\"border: 0;\" src=\"https:\/\/www.google.com\/maps\/embed?pb=!1m14!1m8!1m3!1d10774.708020035137!2d9.398312!3d47.535151!3m2!1i1024!2i768!4f13.1!3m3!1m2!1s0x0%3A0x80482f6484d228a8!2sLandgasthof+Seelust+AG!5e0!3m2!1sde!2sch!4v1540374991612\" width=\"600\" height=\"450\" frameborder=\"0\" allowfullscreen=\"allowfullscreen\"><\/iframe><\/p>\n<\/div><div class=\"fusion-clearfix\"><\/div><\/div><\/div><\/div><\/div><\/p>","protected":false},"excerpt":{"rendered":"","protected":false},"author":2,"featured_media":0,"parent":0,"menu_order":0,"comment_status":"closed","ping_status":"closed","template":"100-width.php","meta":{"_seopress_robots_primary_cat":"","_seopress_titles_title":"","_seopress_titles_desc":"","_seopress_robots_index":"","footnotes":""},"class_list":["post-320","page","type-page","status-publish","hentry"],"_links":{"self":[{"href":"https:\/\/www.seelust.ch\/en\/wp-json\/wp\/v2\/pages\/320","targetHints":{"allow":["GET"]}}],"collection":[{"href":"https:\/\/www.seelust.ch\/en\/wp-json\/wp\/v2\/pages"}],"about":[{"href":"https:\/\/www.seelust.ch\/en\/wp-json\/wp\/v2\/types\/page"}],"author":[{"embeddable":true,"href":"https:\/\/www.seelust.ch\/en\/wp-json\/wp\/v2\/users\/2"}],"replies":[{"embeddable":true,"href":"https:\/\/www.seelust.ch\/en\/wp-json\/wp\/v2\/comments?post=320"}],"version-history":[{"count":8,"href":"https:\/\/www.seelust.ch\/en\/wp-json\/wp\/v2\/pages\/320\/revisions"}],"predecessor-version":[{"id":3267,"href":"https:\/\/www.seelust.ch\/en\/wp-json\/wp\/v2\/pages\/320\/revisions\/3267"}],"wp:attachment":[{"href":"https:\/\/www.seelust.ch\/en\/wp-json\/wp\/v2\/media?parent=320"}],"curies":[{"name":"wp","href":"https:\/\/api.w.org\/{rel}","templated":true}]}}